{"id":66,"date":"2024-01-12T08:26:22","date_gmt":"2024-01-12T07:26:22","guid":{"rendered":"https:\/\/coeursatypiques.fr\/?page_id=66"},"modified":"2026-01-07T20:39:56","modified_gmt":"2026-01-07T19:39:56","slug":"hello","status":"publish","type":"page","link":"https:\/\/coeursatypiques.fr\/","title":{"rendered":"Accompagnement des personnes atypiques"},"content":{"rendered":"\n<p class=\"has-text-align-center\">J&rsquo;accompagne les personnes HPI, Hypersensibles \u00e0 mieux comprendre leur fonctionnement, a apaiser leur surcharge mentale et \u00e9motionnelle, et \u00e0 retrouver clart\u00e9, globale, cr\u00e9ative et personnalis\u00e9e.<\/p>\n","protected":false},"excerpt":{"rendered":"<p>J&rsquo;accompagne les personnes HPI, Hypersensibles \u00e0 mieux comprendre leur fonctionnement, a apaiser leur surcharge mentale et \u00e9motionnelle, et \u00e0 retrouver clart\u00e9, globale, cr\u00e9ative et personnalis\u00e9e.<\/p>\n","protected":false},"author":1,"featured_media":0,"parent":0,"menu_order":0,"comment_status":"closed","ping_status":"closed","template":"","meta":{"om_disable_all_campaigns":false,"_monsterinsights_skip_tracking":false,"_monsterinsights_sitenote_active":false,"_monsterinsights_sitenote_note":"","_monsterinsights_sitenote_category":0,"footnotes":""},"aioseo_notices":[],"_links":{"self":[{"href":"https:\/\/coeursatypiques.fr\/index.php\/wp-json\/wp\/v2\/pages\/66"}],"collection":[{"href":"https:\/\/coeursatypiques.fr\/index.php\/wp-json\/wp\/v2\/pages"}],"about":[{"href":"https:\/\/coeursatypiques.fr\/index.php\/wp-json\/wp\/v2\/types\/page"}],"author":[{"embeddable":true,"href":"https:\/\/coeursatypiques.fr\/index.php\/wp-json\/wp\/v2\/users\/1"}],"replies":[{"embeddable":true,"href":"https:\/\/coeursatypiques.fr\/index.php\/wp-json\/wp\/v2\/comments?post=66"}],"version-history":[{"count":19,"href":"https:\/\/coeursatypiques.fr\/index.php\/wp-json\/wp\/v2\/pages\/66\/revisions"}],"predecessor-version":[{"id":248,"href":"https:\/\/coeursatypiques.fr\/index.php\/wp-json\/wp\/v2\/pages\/66\/revisions\/248"}],"wp:attachment":[{"href":"https:\/\/coeursatypiques.fr\/index.php\/wp-json\/wp\/v2\/media?parent=66"}],"curies":[{"name":"wp","href":"https:\/\/api.w.org\/{rel}","templated":true}]}}