{"id":13,"date":"2024-01-11T22:01:25","date_gmt":"2024-01-11T21:01:25","guid":{"rendered":"https:\/\/coeursatypiques.fr\/?page_id=13"},"modified":"2026-01-07T15:22:34","modified_gmt":"2026-01-07T14:22:34","slug":"le-test-de-douance","status":"publish","type":"page","link":"https:\/\/coeursatypiques.fr\/index.php\/le-test-de-douance\/","title":{"rendered":"BILAN DE FONCTIONNEMENT ATYPIE"},"content":{"rendered":"\n<p>Le test de douance est bas\u00e9 sur le test de Mary Rocamora, il a \u00e9t\u00e9 mis \u00e0 jour au fil des diff\u00e9rentes recherches des Docteurs en psychologie Mary Elaine Jacobsen, Deidre Lovek, Linda Kreger Sylverman aux USA et le docteur Francis Heylighen \u00e0 Bruxelles. Ce n&rsquo;est pas un test de QI, il ne donne pas de donn\u00e9es chiffr\u00e9es. Il met en \u00e9vidence un mode de fonctionnement haut potentiel et\/ou hypersensibilit\u00e9. Il est utilis\u00e9 et reconnu dans certains pays anglo-saxon et d&rsquo;Am\u00e9rique du sud, mais pas en France \u00e0 l\u2019heure actuelle. Il est possible de le passer \u00e0 partir de 21 ans. <\/p>\n\n\n\n<p class=\"has-blush-light-purple-gradient-background has-background\">Comment il se d\u00e9roule ? <\/p>\n\n\n\n<p>Un entretien pr\u00e9alable de 15 minutes par t\u00e9l\u00e9phone. La passation du test (dur\u00e9e 1h30.2h) et un debriefing \u00e0 chaud. un compte rendu \u00e9crit sous 15 jours. Un rendez-vous pour t&rsquo;\u00e9clairer, te donner des pistes pour mieux vivre ta singularit\u00e9 et r\u00e9pondre \u00e0 tes interrogations.<\/p>\n\n\n\n<figure class=\"wp-block-image size-full is-resized\"><img fetchpriority=\"high\" decoding=\"async\" width=\"640\" height=\"426\" src=\"https:\/\/coeursatypiques.fr\/wp-content\/uploads\/2024\/01\/artificial-intelligence-4389372_640.jpg\" alt=\"\" class=\"wp-image-113\" style=\"width:840px;height:auto\" srcset=\"https:\/\/coeursatypiques.fr\/wp-content\/uploads\/2024\/01\/artificial-intelligence-4389372_640.jpg 640w, https:\/\/coeursatypiques.fr\/wp-content\/uploads\/2024\/01\/artificial-intelligence-4389372_640-300x200.jpg 300w\" sizes=\"(max-width: 640px) 100vw, 640px\" \/><\/figure>\n","protected":false},"excerpt":{"rendered":"<p>Le test de douance est bas\u00e9 sur le test de Mary Rocamora, il a \u00e9t\u00e9 mis \u00e0 jour au fil des diff\u00e9rentes recherches des Docteurs en psychologie Mary Elaine Jacobsen, Deidre Lovek, Linda Kreger Sylverman aux USA et le docteur Francis Heylighen \u00e0 Bruxelles. Ce n&rsquo;est pas un test de QI, il ne donne pas de donn\u00e9es chiffr\u00e9es. Il met en \u00e9vidence un mode de fonctionnement haut potentiel et\/ou hypersensibilit\u00e9. Il est utilis\u00e9 et reconnu dans certains pays anglo-saxon et d&rsquo;Am\u00e9rique du sud, mais pas en France \u00e0 l\u2019heure actuelle. Il est possible de le passer \u00e0 partir de 21 ans. Comment il se d\u00e9roule ? Un entretien pr\u00e9alable de 15 minutes par t\u00e9l\u00e9phone. La passation du test (dur\u00e9e 1h30.2h) et un debriefing \u00e0 chaud. un compte rendu \u00e9crit sous 15 jours. Un rendez-vous pour t&rsquo;\u00e9clairer, te donner des pistes pour mieux vivre ta singularit\u00e9 et r\u00e9pondre \u00e0 tes interrogations.<\/p>\n","protected":false},"author":1,"featured_media":0,"parent":0,"menu_order":0,"comment_status":"closed","ping_status":"closed","template":"","meta":{"om_disable_all_campaigns":false,"_monsterinsights_skip_tracking":false,"_monsterinsights_sitenote_active":false,"_monsterinsights_sitenote_note":"","_monsterinsights_sitenote_category":0,"footnotes":""},"aioseo_notices":[],"_links":{"self":[{"href":"https:\/\/coeursatypiques.fr\/index.php\/wp-json\/wp\/v2\/pages\/13"}],"collection":[{"href":"https:\/\/coeursatypiques.fr\/index.php\/wp-json\/wp\/v2\/pages"}],"about":[{"href":"https:\/\/coeursatypiques.fr\/index.php\/wp-json\/wp\/v2\/types\/page"}],"author":[{"embeddable":true,"href":"https:\/\/coeursatypiques.fr\/index.php\/wp-json\/wp\/v2\/users\/1"}],"replies":[{"embeddable":true,"href":"https:\/\/coeursatypiques.fr\/index.php\/wp-json\/wp\/v2\/comments?post=13"}],"version-history":[{"count":8,"href":"https:\/\/coeursatypiques.fr\/index.php\/wp-json\/wp\/v2\/pages\/13\/revisions"}],"predecessor-version":[{"id":243,"href":"https:\/\/coeursatypiques.fr\/index.php\/wp-json\/wp\/v2\/pages\/13\/revisions\/243"}],"wp:attachment":[{"href":"https:\/\/coeursatypiques.fr\/index.php\/wp-json\/wp\/v2\/media?parent=13"}],"curies":[{"name":"wp","href":"https:\/\/api.w.org\/{rel}","templated":true}]}}