{"id":11,"date":"2024-01-07T20:40:24","date_gmt":"2024-01-07T19:40:24","guid":{"rendered":"https:\/\/coeursatypiques.fr\/?page_id=11"},"modified":"2024-03-11T14:47:53","modified_gmt":"2024-03-11T13:47:53","slug":"a-propos","status":"publish","type":"page","link":"https:\/\/coeursatypiques.fr\/index.php\/a-propos\/","title":{"rendered":"A propos"},"content":{"rendered":"\n<figure class=\"wp-block-image size-large is-resized\"><img fetchpriority=\"high\" decoding=\"async\" width=\"647\" height=\"1024\" src=\"https:\/\/coeursatypiques.fr\/wp-content\/uploads\/2024\/01\/VB-2-647x1024.jpeg\" alt=\"\" class=\"wp-image-98\" style=\"width:111px;height:auto\" srcset=\"https:\/\/coeursatypiques.fr\/wp-content\/uploads\/2024\/01\/VB-2-647x1024.jpeg 647w, https:\/\/coeursatypiques.fr\/wp-content\/uploads\/2024\/01\/VB-2-189x300.jpeg 189w, https:\/\/coeursatypiques.fr\/wp-content\/uploads\/2024\/01\/VB-2-768x1216.jpeg 768w, https:\/\/coeursatypiques.fr\/wp-content\/uploads\/2024\/01\/VB-2-970x1536.jpeg 970w, https:\/\/coeursatypiques.fr\/wp-content\/uploads\/2024\/01\/VB-2-1294x2048.jpeg 1294w, https:\/\/coeursatypiques.fr\/wp-content\/uploads\/2024\/01\/VB-2-1140x1805.jpeg 1140w, https:\/\/coeursatypiques.fr\/wp-content\/uploads\/2024\/01\/VB-2-scaled.jpeg 1617w\" sizes=\"(max-width: 647px) 100vw, 647px\" \/><\/figure>\n\n\n\n<p>\u00ab\u00a0Moi c\u2019est Val\u00e9rie, et je suis \u00e0 la t\u00eate d\u2019une tribu de 3 atypiques dont 2 HPI et un autiste asperger. <\/p>\n\n\n\n<p>Je ne me suis jamais pos\u00e9e la question si je pouvais \u00eatre moi aussi une atypique, et puis en 2020, apr\u00e8s le confinement j\u2019ai dit stop, je ne pouvais plus continuer \u00e0 vivre comme \u00e7a, entre burn-out chroniques, m\u2019adapter toujours aux autres, porter la terre enti\u00e8re sur mes \u00e9paules, j\u2019ai donc d\u00e9cid\u00e9 de commencer une th\u00e9rapie, o\u00f9 j\u2019y ai d\u00e9couvert mon hypersensibilit\u00e9, et depuis j\u2019ai un besoin vital de comprendre, et enfin d\u2019\u00eatre \u00e0 ma place. En novembre 2022, j\u2019ai suivi la formation d\u2019Audrey AKOUN \u201cWondersensibles\u201d pour accompagner les personnes atypiques, et aujourd\u2019hui je suis l\u00e0 pour vous aider vous aussi \u00e0 d\u00e9ployer tout votre potentiel et enfin vivre pleinement votre atypie.<\/p>\n","protected":false},"excerpt":{"rendered":"<p>\u00ab\u00a0Moi c\u2019est Val\u00e9rie, et je suis \u00e0 la t\u00eate d\u2019une tribu de 3 atypiques dont 2 HPI et un autiste asperger. Je ne me suis jamais pos\u00e9e la question si je pouvais \u00eatre moi aussi une atypique, et puis en 2020, apr\u00e8s le confinement j\u2019ai dit stop, je ne pouvais plus continuer \u00e0 vivre comme \u00e7a, entre burn-out chroniques, m\u2019adapter toujours aux autres, porter la terre enti\u00e8re sur mes \u00e9paules, j\u2019ai donc d\u00e9cid\u00e9 de commencer une th\u00e9rapie, o\u00f9 j\u2019y ai d\u00e9couvert mon hypersensibilit\u00e9, et depuis j\u2019ai un besoin vital de comprendre, et enfin d\u2019\u00eatre \u00e0 ma place. En novembre 2022, j\u2019ai suivi la formation d\u2019Audrey AKOUN \u201cWondersensibles\u201d pour accompagner les personnes atypiques, et aujourd\u2019hui je suis l\u00e0 pour vous aider vous aussi \u00e0 d\u00e9ployer tout votre potentiel et enfin vivre pleinement votre atypie.<\/p>\n","protected":false},"author":1,"featured_media":0,"parent":0,"menu_order":0,"comment_status":"closed","ping_status":"closed","template":"","meta":{"om_disable_all_campaigns":false,"_monsterinsights_skip_tracking":false,"_monsterinsights_sitenote_active":false,"_monsterinsights_sitenote_note":"","_monsterinsights_sitenote_category":0,"footnotes":""},"aioseo_notices":[],"_links":{"self":[{"href":"https:\/\/coeursatypiques.fr\/index.php\/wp-json\/wp\/v2\/pages\/11"}],"collection":[{"href":"https:\/\/coeursatypiques.fr\/index.php\/wp-json\/wp\/v2\/pages"}],"about":[{"href":"https:\/\/coeursatypiques.fr\/index.php\/wp-json\/wp\/v2\/types\/page"}],"author":[{"embeddable":true,"href":"https:\/\/coeursatypiques.fr\/index.php\/wp-json\/wp\/v2\/users\/1"}],"replies":[{"embeddable":true,"href":"https:\/\/coeursatypiques.fr\/index.php\/wp-json\/wp\/v2\/comments?post=11"}],"version-history":[{"count":20,"href":"https:\/\/coeursatypiques.fr\/index.php\/wp-json\/wp\/v2\/pages\/11\/revisions"}],"predecessor-version":[{"id":208,"href":"https:\/\/coeursatypiques.fr\/index.php\/wp-json\/wp\/v2\/pages\/11\/revisions\/208"}],"wp:attachment":[{"href":"https:\/\/coeursatypiques.fr\/index.php\/wp-json\/wp\/v2\/media?parent=11"}],"curies":[{"name":"wp","href":"https:\/\/api.w.org\/{rel}","templated":true}]}}